{"id":113,"date":"2021-03-18T10:17:00","date_gmt":"2021-03-18T10:17:00","guid":{"rendered":"http:\/\/www.sessizinsaat.org\/?page_id=113"},"modified":"2021-03-23T11:33:58","modified_gmt":"2021-03-23T11:33:58","slug":"tr-ana-sayfa","status":"publish","type":"page","link":"https:\/\/www.sessizinsaat.org\/","title":{"rendered":"Sessizlik L\u00fctfen"},"content":{"rendered":"\n<div class=\"wp-block-cover alignfull has-background-dim-60 has-background-dim has-background-gradient has-custom-content-position is-position-center-right\" style=\"min-height:674px\"><span aria-hidden=\"true\" class=\"wp-block-cover__gradient-background\" style=\"background:linear-gradient(158deg,rgba(255,245,204,0) 0%,rgba(255,194,161,0.92) 27%,rgb(255,68,6) 67%,rgb(243,161,129) 95%)\"><\/span><video class=\"wp-block-cover__video-background intrinsic-ignore\" autoplay muted loop playsinline src=\"https:\/\/www.sessizinsaat.org\/wp-content\/uploads\/2021\/03\/sessiz-4.mp4\" data-object-fit=\"cover\"><\/video><div class=\"wp-block-cover__inner-container\">\n<div class=\"is-layout-flex wp-container-5 wp-block-columns alignfull\">\n<div class=\"is-layout-flow wp-block-column\" style=\"flex-basis:50%\">\n<h2 class=\"has-large-font-size\">Sessizlik L\u00fctfen,<\/h2>\n\n\n\n<p class=\"has-text-align-left\"><strong>Onun de\u011ferini hat\u0131rlatmak i\u00e7in bir araya geldik.<br>Yazmak, payla\u015fmak, sessizli\u011fi \u00f6n plana \u00e7\u0131karmak i\u00e7in.<br>\u00c7\u00fcnk\u00fc onun olmad\u0131\u011f\u0131 yerde, duyulmas\u0131 gereken ses duyulmaz.<br>O y\u00fczden \u0131\u015f\u0131\u011f\u0131 ona tutuyoruz<br>O olmaz ise sa\u011fl\u0131k, huzur, anlay\u0131\u015f solar.<br>Gelin hep birlikte sessizli\u011fin de\u011ferini yeniden ke\u015ffedelim.<\/strong><\/p>\n<\/div>\n\n\n\n<div class=\"is-layout-flow wp-block-column is-vertically-aligned-bottom\" style=\"flex-basis:44.45%\">\n<div class=\"is-layout-flex wp-block-buttons\">\n<div class=\"wp-block-button is-style-fill\"><a class=\"wp-block-button__link has-white-color has-text-color\" style=\"border-radius:14px\">\u0130yi uygulamalar<\/a><\/div>\n<\/div>\n<\/div>\n\n\n\n<div class=\"is-layout-flow wp-block-column\" style=\"flex-basis:33.33%\"><\/div>\n<\/div>\n<\/div><\/div>\n\n\n\n<div style=\"height:1px\" aria-hidden=\"true\" class=\"wp-block-spacer\"><\/div>\n\n\n\n<h2 class=\"alignwide has-text-align-center has-huge-font-size\">Sessiz in\u015faat, m\u00fcmk\u00fcn m\u00fc? <\/h2>\n\n\n\n<div style=\"height:1px\" aria-hidden=\"true\" class=\"wp-block-spacer\"><\/div>\n\n\n\n<div class=\"is-layout-flex wp-container-13 wp-block-columns alignwide container max-1200\">\n<div class=\"is-layout-flow wp-block-column is-vertically-aligned-top\" style=\"flex-basis:30%\">\n<div class=\"is-layout-flow wp-block-group alignfull has-white-color has-text-color\"><div class=\"wp-block-group__inner-container\">\n<div class=\"wp-block-image is-style-rounded\"><figure class=\"aligncenter size-full\"><img decoding=\"async\" loading=\"lazy\" width=\"1269\" height=\"1279\" src=\"https:\/\/www.sessizinsaat.org\/wp-content\/uploads\/2021\/03\/pexels-alexander-bobrov-4306690-edited.jpg\" alt=\"\" class=\"wp-image-446\" srcset=\"https:\/\/www.sessizinsaat.org\/wp-content\/uploads\/2021\/03\/pexels-alexander-bobrov-4306690-edited.jpg 1269w, https:\/\/www.sessizinsaat.org\/wp-content\/uploads\/2021\/03\/pexels-alexander-bobrov-4306690-edited-298x300.jpg 298w, https:\/\/www.sessizinsaat.org\/wp-content\/uploads\/2021\/03\/pexels-alexander-bobrov-4306690-edited-1016x1024.jpg 1016w, https:\/\/www.sessizinsaat.org\/wp-content\/uploads\/2021\/03\/pexels-alexander-bobrov-4306690-edited-150x150.jpg 150w, https:\/\/www.sessizinsaat.org\/wp-content\/uploads\/2021\/03\/pexels-alexander-bobrov-4306690-edited-768x774.jpg 768w\" sizes=\"(max-width: 1269px) 100vw, 1269px\" \/><\/figure><\/div>\n<\/div><\/div>\n<\/div>\n\n\n\n<div class=\"is-layout-flow wp-block-column is-vertically-aligned-top\" style=\"flex-basis:50%\">\n<div class=\"is-layout-flex wp-container-10 wp-block-columns\">\n<div class=\"is-layout-flow wp-block-column is-vertically-aligned-top\">\n<h3>Mimar Sinan&#8217;\u0131n mimarisinden ilham ile&#8230;<\/h3>\n\n\n\n<p>Lorem ipsum dolor sit amet, consectetur adipiscing elit. Vivamus et enim at sem elementum aliquam. Orci varius natoque penatibus et magnis dis parturient montes, nascetur ridiculus mus. Duis in urna a ipsum venenatis vulputate. Sed nisi ligula, rutrum et augue eu, elementum porttitor nisi.<\/p>\n<\/div>\n\n\n\n<div class=\"is-layout-flow wp-block-column is-vertically-aligned-top\">\n<h3>M\u00fcmk\u00fcn oldu\u011funu ispatlayan iyi uygulamalar var.<\/h3>\n\n\n\n<p>Yirmi Yirmibir ayr\u0131ca s\u00fctun bloklar i\u00e7in \u00fcst \u00fcste ge\u00e7en bir stil bar\u0131nd\u0131r\u0131yor. S\u00fctun bloklar\u0131 se\u00e7iliyken, d\u00fczenleyici kenar \u00e7ubu\u011fundaki &#8220;Stiller&#8221; panelini a\u00e7\u0131n. &#8220;\u00dcst \u00fcste bindir&#8221; blok stilini se\u00e7erek deneyin.<\/p>\n<\/div>\n<\/div>\n\n\n\n<h5>\u0130yi uygulamardan<\/h5>\n\n\n<ul class=\"wp-block-latest-posts__list is-grid columns-4 alignfull wp-block-latest-posts\"><li><div class=\"wp-block-latest-posts__featured-image\"><img width=\"150\" height=\"150\" src=\"https:\/\/www.sessizinsaat.org\/wp-content\/uploads\/2021\/03\/TheMobileFactory-150x150.png\" class=\"attachment-thumbnail size-thumbnail wp-post-image\" alt=\"\" decoding=\"async\" loading=\"lazy\" style=\"\" \/><\/div><a class=\"wp-block-latest-posts__post-title\" href=\"https:\/\/www.sessizinsaat.org\/index.php\/2024\/05\/03\/iyi-ugulama-1\/\">The Mobile Factory<\/a><\/li>\n<\/ul><\/div>\n\n\n\n<div class=\"is-layout-flow wp-block-column\" style=\"flex-basis:20%\">\n<div class=\"wp-block-cover has-vivid-green-cyan-background-color has-background-dim\" style=\"min-height:300px\"><div class=\"wp-block-cover__inner-container\">\n<p class=\"has-text-align-center has-normal-font-size\">Reklam<\/p>\n<\/div><\/div>\n<\/div>\n<\/div>\n\n\n\n<div class=\"is-layout-flow wp-block-group container max-1200\"><div class=\"wp-block-group__inner-container\">\n<h5>Yaz\u0131lar<\/h5>\n\n\n\n<div class=\"is-layout-flex wp-container-16 wp-block-columns latest-posts\">\n<div class=\"is-layout-flow wp-block-column\" style=\"flex-basis:60%\"><ul class=\"wp-block-latest-posts__list is-grid columns-2 alignfull wp-block-latest-posts\"><\/ul><\/div>\n\n\n\n<div class=\"is-layout-flow wp-block-column\" style=\"flex-basis:40%\"><ul class=\"wp-block-latest-posts__list alignleft wp-block-latest-posts\"><\/ul><\/div>\n<\/div>\n<\/div><\/div>\n\n\n\n<div class=\"is-layout-flow wp-block-group alignfull has-black-color has-text-color has-background\" style=\"background-color:#eff1ea\"><div class=\"wp-block-group__inner-container\">\n<div class=\"is-layout-flex wp-container-22 wp-block-columns alignwide container max-1200 has-black-color has-text-color\">\n<div class=\"is-layout-flow wp-block-column is-vertically-aligned-top\" style=\"flex-basis:30%\">\n<div class=\"is-layout-flow wp-block-group\"><div class=\"wp-block-group__inner-container\">\n<h4>Bizden haberler<\/h4>\n\n\n\n<p class=\"has-medium-font-size\">Lorem ipsum dolor sit amet, consectetur adipiscing elit. Vivamus et enim at sem elementum aliquam. <\/p>\n\n\n\n<div class=\"is-layout-flex wp-block-buttons alignfull\">\n<div class=\"wp-block-button has-custom-width wp-block-button__width-100 is-style-outline\"><a class=\"wp-block-button__link has-black-color has-text-color\">T\u00fcm haberler<\/a><\/div>\n<\/div>\n<\/div><\/div>\n<\/div>\n\n\n\n<div class=\"is-layout-flow wp-block-column is-vertically-aligned-top\" style=\"flex-basis:70%\"><ul class=\"wp-block-latest-posts__list is-grid columns-3 has-dates latest-posts wp-block-latest-posts\"><\/ul><\/div>\n<\/div>\n<\/div><\/div>\n\n\n\n<div class=\"is-layout-flow wp-block-group alignfull has-black-color has-text-color has-background\" style=\"background-color:#eff1ea\"><div class=\"wp-block-group__inner-container\">\n<div class=\"is-layout-flex wp-container-28 wp-block-columns alignwide container max-1200 has-black-color has-text-color\">\n<div class=\"is-layout-flow wp-block-column is-vertically-aligned-top\" style=\"flex-basis:30%\">\n<div class=\"is-layout-flow wp-block-group\"><div class=\"wp-block-group__inner-container\">\n<h4>D\u0131\u015f haberler<\/h4>\n\n\n\n<p class=\"has-medium-font-size\">Lorem ipsum dolor sit amet, consectetur adipiscing elit. Vivamus et enim at sem elementum aliquam. <\/p>\n\n\n\n<div class=\"is-layout-flex wp-block-buttons alignfull\">\n<div class=\"wp-block-button has-custom-width wp-block-button__width-100 is-style-outline\"><a class=\"wp-block-button__link has-black-color has-text-color\">T\u00fcm haberler<\/a><\/div>\n<\/div>\n<\/div><\/div>\n<\/div>\n\n\n\n<div class=\"is-layout-flow wp-block-column is-vertically-aligned-top\" style=\"flex-basis:70%\"><ul class=\"wp-block-latest-posts__list is-grid columns-3 has-dates latest-posts wp-block-latest-posts\"><\/ul><\/div>\n<\/div>\n<\/div><\/div>\n","protected":false},"excerpt":{"rendered":"<p>Sessiz in\u015faat, m\u00fcmk\u00fcn m\u00fc? Mimar Sinan&#8217;\u0131n mimarisinden ilham ile&#8230; Lorem ipsum dolor sit amet, consectetur adipiscing elit. Vivamus et enim at sem elementum aliquam. Orci varius natoque penatibus et magnis [&hellip;]<\/p>\n","protected":false},"author":1,"featured_media":45,"parent":0,"menu_order":0,"comment_status":"closed","ping_status":"closed","template":"","meta":[],"_links":{"self":[{"href":"https:\/\/www.sessizinsaat.org\/index.php\/wp-json\/wp\/v2\/pages\/113"}],"collection":[{"href":"https:\/\/www.sessizinsaat.org\/index.php\/wp-json\/wp\/v2\/pages"}],"about":[{"href":"https:\/\/www.sessizinsaat.org\/index.php\/wp-json\/wp\/v2\/types\/page"}],"author":[{"embeddable":true,"href":"https:\/\/www.sessizinsaat.org\/index.php\/wp-json\/wp\/v2\/users\/1"}],"replies":[{"embeddable":true,"href":"https:\/\/www.sessizinsaat.org\/index.php\/wp-json\/wp\/v2\/comments?post=113"}],"version-history":[{"count":286,"href":"https:\/\/www.sessizinsaat.org\/index.php\/wp-json\/wp\/v2\/pages\/113\/revisions"}],"predecessor-version":[{"id":1209,"href":"https:\/\/www.sessizinsaat.org\/index.php\/wp-json\/wp\/v2\/pages\/113\/revisions\/1209"}],"wp:featuredmedia":[{"embeddable":true,"href":"https:\/\/www.sessizinsaat.org\/index.php\/wp-json\/wp\/v2\/media\/45"}],"wp:attachment":[{"href":"https:\/\/www.sessizinsaat.org\/index.php\/wp-json\/wp\/v2\/media?parent=113"}],"curies":[{"name":"wp","href":"https:\/\/api.w.org\/{rel}","templated":true}]}}