{"id":131,"date":"2021-03-18T11:03:07","date_gmt":"2021-03-18T11:03:07","guid":{"rendered":"http:\/\/www.sessizinsaat.org\/?page_id=131"},"modified":"2024-04-05T08:58:20","modified_gmt":"2024-04-05T08:58:20","slug":"biyomimikri","status":"publish","type":"page","link":"https:\/\/www.sessizinsaat.org\/index.php\/biyomimikri\/","title":{"rendered":"Biyomimikri"},"content":{"rendered":"\n<figure class=\"wp-block-image size-full is-resized\"><img decoding=\"async\" loading=\"lazy\" src=\"https:\/\/www.sessizinsaat.org\/wp-content\/uploads\/2024\/04\/1.jpg\" alt=\"\" class=\"wp-image-1514\" width=\"720\" height=\"166\" srcset=\"https:\/\/www.sessizinsaat.org\/wp-content\/uploads\/2024\/04\/1.jpg 602w, https:\/\/www.sessizinsaat.org\/wp-content\/uploads\/2024\/04\/1-300x69.jpg 300w\" sizes=\"(max-width: 720px) 100vw, 720px\" \/><\/figure>\n\n\n\n<p class=\"has-medium-font-size\"><strong><mark style=\"background-color:rgba(0, 0, 0, 0)\" class=\"has-inline-color has-foreground-color\">Biyomimikri Nedir?<\/mark><\/strong><\/p>\n\n\n\n<p>Biyomimikri, do\u011fan\u0131n i\u015fleyi\u015finde yer alan esin kaynaklar\u0131n\u0131 bularak insan sistemlerine dahil eden bir tasar\u0131m y\u00f6ntemidir. Bu tasar\u0131m y\u00f6ntemi yaln\u0131zca tasar\u0131mc\u0131lar de\u011fil, bir\u00e7ok disiplinden ki\u015finin faydalanabilece\u011fi; g\u00fcnl\u00fck hayat\u0131na ve kendi uzmanl\u0131k alan\u0131na adapte edebilece\u011fi bir kurgudad\u0131r. Asl\u0131nda biyomimikri, \u2018tasar\u0131m\u2019 dedi\u011fimizde ilk akl\u0131m\u0131za gelen g\u00f6rsel estetik alg\u0131s\u0131na hitap eden bir uzmanl\u0131k yerine herkesi tasar\u0131mc\u0131 olarak kabul eder ve \u00e7al\u0131\u015fmalar\u0131m\u0131za \u00e7\u00f6z\u00fcm aramak i\u00e7in yeni bir bak\u0131\u015f a\u00e7\u0131s\u0131 sunar.<\/p>\n\n\n\n<p>\u0130nsan, do\u011fan\u0131n bir par\u00e7as\u0131d\u0131r. \u00c7\u00fcnk\u00fc, insan \u00e7evresiyle s\u00fcrekli ileti\u015fim halindedir. Her ne kadar teknolojinin ilerleyi\u015fi, kentlerimizin ye\u015filden kopu\u015fu bizi \u00e7evreden uzakla\u015ft\u0131rm\u0131\u015f olsa da t\u00fcketimlerimizin temel kayna\u011f\u0131 do\u011fad\u0131r. Eylemlerimiz sonucunda do\u011fadan uzakla\u015fmam\u0131z, do\u011fayla olan ileti\u015fimimizin tek y\u00f6nl\u00fcl\u00fc\u011f\u00fcne i\u015faret ediyor. Do\u011fadan kendimize beslenecek kanallar a\u00e7\u0131yor, fakat onu besleyecek bir yol aramad\u0131\u011f\u0131m\u0131z ya da bulamad\u0131\u011f\u0131m\u0131z bir noktaya geliyoruz. Bu ileti\u015fimi g\u00fc\u00e7l\u00fc tutmak i\u00e7in, do\u011fay\u0131 anlamam\u0131z gerekiyor.<\/p>\n\n\n\n<figure class=\"wp-block-image size-full is-resized\"><img decoding=\"async\" loading=\"lazy\" src=\"https:\/\/www.sessizinsaat.org\/wp-content\/uploads\/2024\/04\/2.jpg\" alt=\"\" class=\"wp-image-1515\" width=\"720\" height=\"167\" srcset=\"https:\/\/www.sessizinsaat.org\/wp-content\/uploads\/2024\/04\/2.jpg 602w, https:\/\/www.sessizinsaat.org\/wp-content\/uploads\/2024\/04\/2-300x70.jpg 300w\" sizes=\"(max-width: 720px) 100vw, 720px\" \/><\/figure>\n\n\n\n<p class=\"has-medium-font-size\"><strong><mark style=\"background-color:rgba(0, 0, 0, 0)\" class=\"has-inline-color has-foreground-color\">Biyomimikri Lensinden Bir Bak\u0131\u015f<\/mark><\/strong><\/p>\n\n\n\n<p>G\u00f6zlem yapmay\u0131 temel y\u00f6ntem olarak kabul eden biyomimikri tasar\u0131m y\u00f6ntemi, hayat\u0131m\u0131zda bir kolayla\u015ft\u0131r\u0131c\u0131 olarak devreye giriyor ve do\u011fay\u0131 anlamak i\u00e7in bize \u00fc\u00e7 temel element sunuyor:<\/p>\n\n\n\n<ol type=\"1\">\n<li>Taklit et:<\/li>\n<\/ol>\n\n\n\n<p>Do\u011fada kar\u015f\u0131la\u015ft\u0131\u011f\u0131m\u0131z form, s\u00fcre\u00e7 ve ekosistemlerden \u00f6\u011frenme ve rejeneratif sistemlere do\u011fru ilerlemek i\u00e7in geli\u015ftirdi\u011fimiz sistemlerimize adapte etme.<\/p>\n\n\n\n<ul>\n<li>Benimse:<\/li>\n<\/ul>\n\n\n\n<p>Kendini s\u00fcrd\u00fcr\u00fclebilir olarak besleyen sistemlere y\u00f6nelmek i\u00e7in do\u011fan\u0131n ya\u015fay\u0131\u015f\u0131n\u0131 anlamak.<\/p>\n\n\n\n<ul>\n<li>Yeniden \u0130leti\u015fim Kur:<\/li>\n<\/ul>\n\n\n\n<p>Do\u011fayla yeniden ileti\u015fim kurma, g\u00f6zlemi ve do\u011fayla en iyi ileti\u015fim kurabilece\u011fimiz g\u00f6zlem y\u00f6ntemini se\u00e7erek onun ya\u015fant\u0131s\u0131n\u0131 benimsememizi ve devam\u0131nda kendi eylemlerimizde taklit etmemizi sa\u011flayan ad\u0131m.<\/p>\n\n\n\n<p>Biyomimikrinin temel ilkeleri ise hiyerar\u015fik s\u0131ralama yerine, birbirini s\u00fcrekli besleyen maddelerden olu\u015fan bir \u00e7ember olarak sunulur, bunlar:<\/p>\n\n\n\n<ul>\n<li>Ya\u015fam dostu kimya kullan<\/li>\n\n\n\n<li>Materyal ve enerji kaynaklar\u0131n\u0131 verimli kullan<\/li>\n\n\n\n<li>B\u00fcy\u00fcmeye geli\u015fmeyi entegre et<\/li>\n\n\n\n<li>Hayatta kalmak i\u00e7in geli\u015f<\/li>\n\n\n\n<li>De\u011fi\u015fen \u015fartlara uyum sa\u011fla<\/li>\n\n\n\n<li>Yak\u0131n \u00e7evrene uyum sa\u011fla ve ihtiya\u00e7lar\u0131na yan\u0131t ver<\/li>\n<\/ul>\n\n\n\n<p>Biyomimikri\u2019nin sundu\u011fu \u00fc\u00e7 element ve alt\u0131 ilke do\u011fay\u0131 yeniden anlamam\u0131z ve mevcut durumumuzu sorgulamam\u0131z i\u00e7in bir f\u0131rsat sunuyor. \u00d6rne\u011fin, kendini besleyen s\u00fcrd\u00fcr\u00fclebilir bir sistem bu kadar at\u0131k \u00e7\u0131kart\u0131r m\u0131, yoksa \u00fcretim \u00f6ncesinde \u2018art\u0131k\u2019lar\u0131 nerede kullanaca\u011f\u0131n\u0131n plan\u0131n\u0131 m\u0131 yapar?<\/p>\n\n\n\n<p>\u00c7evremizle olan ileti\u015fimimizi g\u00fc\u00e7lendirmemiz b\u00fct\u00fcnc\u00fcl ve tasar\u0131mc\u0131 y\u00f6n\u00fcm\u00fcz\u00fc geli\u015ftirerek eylemlerimize kolayla\u015ft\u0131r\u0131c\u0131 ara\u00e7lar dahil etmemizi sa\u011flayacakt\u0131r.<\/p>\n\n\n\n<figure class=\"wp-block-image size-full is-resized\"><img decoding=\"async\" loading=\"lazy\" src=\"https:\/\/www.sessizinsaat.org\/wp-content\/uploads\/2024\/04\/5.jpg\" alt=\"\" class=\"wp-image-1518\" width=\"718\" height=\"402\" srcset=\"https:\/\/www.sessizinsaat.org\/wp-content\/uploads\/2024\/04\/5.jpg 612w, https:\/\/www.sessizinsaat.org\/wp-content\/uploads\/2024\/04\/5-300x168.jpg 300w\" sizes=\"(max-width: 718px) 100vw, 718px\" \/><\/figure>\n\n\n\n<p class=\"has-medium-large-font-size\"><strong><mark style=\"background-color:rgba(0, 0, 0, 0)\" class=\"has-inline-color has-foreground-color\">Do\u011fada \u201cSessiz \u0130n\u015faat\u201d<\/mark><\/strong><\/p>\n\n\n\n<p>Kurdu\u011fumuz sistemlerde \u00e7\u0131kmaza girdi\u011fimiz zaman sorular\u0131m\u0131z\u0131 do\u011faya y\u00f6nelterek yan\u0131tlara ula\u015fabiliriz. Bu, ayn\u0131 zamanda do\u011fayla bar\u0131\u015f\u0131k ve ondan destek alarak ilerlememizi sa\u011flar. Ba\u015fka bir deyi\u015fle, s\u00fcrd\u00fcr\u00fclebilir sistemler in\u015fa etmemize olanak verir.<\/p>\n\n\n\n<p>\u201cSessiz \u0130n\u015faat\u201d kitab\u0131 yaln\u0131zca in\u015faat\u0131n g\u00fcr\u00fclt\u00fcs\u00fcn\u00fc nas\u0131l \u00e7\u00f6zece\u011fimize de\u011fil, bunun \u00f6tesinde birlikte nas\u0131l ya\u015fan\u0131r \u00fczerine sorular soruyor ve yan\u0131tlar\u0131n\u0131 ar\u0131yor. Do\u011faya bakt\u0131\u011f\u0131m\u0131zda g\u00f6r\u00fcr\u00fcz ki, birbirleriyle av-avc\u0131 ili\u015fkisi olan canl\u0131 gruplar\u0131n\u0131n kendi i\u00e7lerinde ve birbirleri aras\u0131nda kurduklar\u0131 bir denge var. Bu denge kendi \u00e7\u0131karlar\u0131n\u0131 g\u00f6zetirken, d\u00fcnyan\u0131n geri kalan\u0131na da katk\u0131 sunduklar\u0131 uygulamalar\u0131 i\u00e7eriyor. Hayatta kalmak i\u00e7in gerekli olan\u0131 yap\u0131yorlar, fakat bunun \u00f6tesine ge\u00e7erek \u00e7evrelerinde kal\u0131c\u0131 hasarlar b\u0131rakm\u0131yorlar. Bizler de insanlar olarak hem kendi i\u00e7imizde hem de \u00e7evremizle uyumlu bir \u015fekilde ya\u015famay\u0131 onlardan \u00f6\u011frenebiliriz!<\/p>\n\n\n\n<div class=\"is-layout-constrained wp-block-group\">\n<div class=\"is-layout-flow wp-elements-a15364141c696ccfdec84607f644f768 wp-block-query has-foreground-color has-light-green-cyan-background-color has-text-color has-background has-link-color\"><\/div>\n<\/div>\n","protected":false},"excerpt":{"rendered":"<p>Biyomimikri Nedir? Biyomimikri, do\u011fan\u0131n i\u015fleyi\u015finde yer alan esin kaynaklar\u0131n\u0131 bularak insan sistemlerine dahil eden bir tasar\u0131m y\u00f6ntemidir. Bu tasar\u0131m y\u00f6ntemi yaln\u0131zca tasar\u0131mc\u0131lar de\u011fil, bir\u00e7ok disiplinden ki\u015finin faydalanabilece\u011fi; g\u00fcnl\u00fck hayat\u0131na ve [&hellip;]<\/p>\n","protected":false},"author":1,"featured_media":0,"parent":0,"menu_order":0,"comment_status":"closed","ping_status":"closed","template":"","meta":[],"_links":{"self":[{"href":"https:\/\/www.sessizinsaat.org\/index.php\/wp-json\/wp\/v2\/pages\/131"}],"collection":[{"href":"https:\/\/www.sessizinsaat.org\/index.php\/wp-json\/wp\/v2\/pages"}],"about":[{"href":"https:\/\/www.sessizinsaat.org\/index.php\/wp-json\/wp\/v2\/types\/page"}],"author":[{"embeddable":true,"href":"https:\/\/www.sessizinsaat.org\/index.php\/wp-json\/wp\/v2\/users\/1"}],"replies":[{"embeddable":true,"href":"https:\/\/www.sessizinsaat.org\/index.php\/wp-json\/wp\/v2\/comments?post=131"}],"version-history":[{"count":4,"href":"https:\/\/www.sessizinsaat.org\/index.php\/wp-json\/wp\/v2\/pages\/131\/revisions"}],"predecessor-version":[{"id":1521,"href":"https:\/\/www.sessizinsaat.org\/index.php\/wp-json\/wp\/v2\/pages\/131\/revisions\/1521"}],"wp:attachment":[{"href":"https:\/\/www.sessizinsaat.org\/index.php\/wp-json\/wp\/v2\/media?parent=131"}],"curies":[{"name":"wp","href":"https:\/\/api.w.org\/{rel}","templated":true}]}}