{"id":535,"date":"2021-03-20T14:14:13","date_gmt":"2021-03-20T14:14:13","guid":{"rendered":"http:\/\/www.sessizinsaat.org\/?page_id=535"},"modified":"2024-05-04T13:45:24","modified_gmt":"2024-05-04T13:45:24","slug":"bize-ulasin-2","status":"publish","type":"page","link":"https:\/\/www.sessizinsaat.org\/index.php\/bize-ulasin-2\/","title":{"rendered":"Bize Ula\u015f\u0131n"},"content":{"rendered":"\n<p>info@sessizinsaat.com<br>Tuzla-\u0130stanbul<\/p>\n\n\n\n<div class=\"is-layout-constrained wp-block-group has-background-light-background-color has-background\"><div class=\"wpforms-container wpforms-container-full frm-contact\" id=\"wpforms-1450\"><form id=\"wpforms-form-1450\" class=\"wpforms-validate wpforms-form wpforms-ajax-form\" data-formid=\"1450\" method=\"post\" enctype=\"multipart\/form-data\" action=\"\/index.php\/wp-json\/wp\/v2\/pages\/535\" data-token=\"48eafbabbb29cbd6642bdddf04d6b8d6\"><noscript class=\"wpforms-error-noscript\">Please enable JavaScript in your browser to complete this form.<\/noscript><div class=\"wpforms-field-container\"><div id=\"wpforms-1450-field_0-container\" class=\"wpforms-field wpforms-field-name\" data-field-id=\"0\"><label class=\"wpforms-field-label\" for=\"wpforms-1450-field_0\">Ad\u0131n\u0131z Soyad\u0131n\u0131z <span class=\"wpforms-required-label\">*<\/span><\/label><input type=\"text\" id=\"wpforms-1450-field_0\" class=\"wpforms-field-medium wpforms-field-required\" name=\"wpforms[fields][0]\" required><\/div><div id=\"wpforms-1450-field_1-container\" class=\"wpforms-field wpforms-field-email\" data-field-id=\"1\"><label class=\"wpforms-field-label\" for=\"wpforms-1450-field_1\">E-posta Adresiniz <span class=\"wpforms-required-label\">*<\/span><\/label><input type=\"email\" id=\"wpforms-1450-field_1\" class=\"wpforms-field-medium wpforms-field-required\" name=\"wpforms[fields][1]\" required><\/div><div id=\"wpforms-1450-field_2-container\" class=\"wpforms-field wpforms-field-textarea\" data-field-id=\"2\"><label class=\"wpforms-field-label\" for=\"wpforms-1450-field_2\">Yorum veya Mesaj\u0131n\u0131z<\/label><textarea id=\"wpforms-1450-field_2\" class=\"wpforms-field-medium\" name=\"wpforms[fields][2]\" ><\/textarea><\/div><\/div><div class=\"wpforms-submit-container\"><input type=\"hidden\" name=\"wpforms[id]\" value=\"1450\"><input type=\"hidden\" name=\"wpforms[author]\" value=\"1\"><button type=\"submit\" name=\"wpforms[submit]\" id=\"wpforms-submit-1450\" class=\"wpforms-submit\" data-alt-text=\"G\u00f6nderiliyor...\" data-submit-text=\"G\u00f6nder\" aria-live=\"assertive\" value=\"wpforms-submit\">G\u00f6nder<\/button><img src=\"https:\/\/www.sessizinsaat.org\/wp-content\/plugins\/wpforms-lite\/assets\/images\/submit-spin.svg\" class=\"wpforms-submit-spinner\" style=\"display: none;\" width=\"26\" height=\"26\" alt=\"Loading\"><\/div><\/form><\/div>  <!-- .wpforms-container --><\/div>\n","protected":false},"excerpt":{"rendered":"<p>info@sessizinsaat.comTuzla-\u0130stanbul<\/p>\n","protected":false},"author":1,"featured_media":0,"parent":0,"menu_order":0,"comment_status":"closed","ping_status":"closed","template":"","meta":[],"_links":{"self":[{"href":"https:\/\/www.sessizinsaat.org\/index.php\/wp-json\/wp\/v2\/pages\/535"}],"collection":[{"href":"https:\/\/www.sessizinsaat.org\/index.php\/wp-json\/wp\/v2\/pages"}],"about":[{"href":"https:\/\/www.sessizinsaat.org\/index.php\/wp-json\/wp\/v2\/types\/page"}],"author":[{"embeddable":true,"href":"https:\/\/www.sessizinsaat.org\/index.php\/wp-json\/wp\/v2\/users\/1"}],"replies":[{"embeddable":true,"href":"https:\/\/www.sessizinsaat.org\/index.php\/wp-json\/wp\/v2\/comments?post=535"}],"version-history":[{"count":7,"href":"https:\/\/www.sessizinsaat.org\/index.php\/wp-json\/wp\/v2\/pages\/535\/revisions"}],"predecessor-version":[{"id":1731,"href":"https:\/\/www.sessizinsaat.org\/index.php\/wp-json\/wp\/v2\/pages\/535\/revisions\/1731"}],"wp:attachment":[{"href":"https:\/\/www.sessizinsaat.org\/index.php\/wp-json\/wp\/v2\/media?parent=535"}],"curies":[{"name":"wp","href":"https:\/\/api.w.org\/{rel}","templated":true}]}}