{"id":8,"date":"2021-03-17T20:38:34","date_gmt":"2021-03-17T20:38:34","guid":{"rendered":"http:\/\/www.sessizinsaat.org\/?page_id=8"},"modified":"2021-03-18T10:16:05","modified_gmt":"2021-03-18T10:16:05","slug":"web-sitenizi-bloklar-ile-olusturun","status":"publish","type":"page","link":"https:\/\/www.sessizinsaat.org\/index.php\/en\/web-sitenizi-bloklar-ile-olusturun\/","title":{"rendered":"En &#8211; Gelin hep birlikte sessizli\u011fin de\u011ferini yeniden ke\u015ffedelim"},"content":{"rendered":"\n<div class=\"wp-block-cover alignwide has-background-dim-40 has-background-dim has-background-gradient has-custom-content-position is-position-top-center\" style=\"min-height:572px\"><span aria-hidden=\"true\" class=\"wp-block-cover__gradient-background\" style=\"background:linear-gradient(135deg,rgb(250,138,0) 0%,rgb(39,16,0) 100%)\"><\/span><img decoding=\"async\" loading=\"lazy\" width=\"1920\" height=\"1279\" class=\"wp-block-cover__image-background wp-image-45\" alt=\"\" src=\"https:\/\/www.sessizinsaat.org\/wp-content\/uploads\/2021\/03\/pexels-pok-rie-4973878.jpg\" data-object-fit=\"cover\" srcset=\"https:\/\/www.sessizinsaat.org\/wp-content\/uploads\/2021\/03\/pexels-pok-rie-4973878.jpg 1920w, https:\/\/www.sessizinsaat.org\/wp-content\/uploads\/2021\/03\/pexels-pok-rie-4973878-300x200.jpg 300w, https:\/\/www.sessizinsaat.org\/wp-content\/uploads\/2021\/03\/pexels-pok-rie-4973878-1024x682.jpg 1024w, https:\/\/www.sessizinsaat.org\/wp-content\/uploads\/2021\/03\/pexels-pok-rie-4973878-768x512.jpg 768w, https:\/\/www.sessizinsaat.org\/wp-content\/uploads\/2021\/03\/pexels-pok-rie-4973878-1536x1023.jpg 1536w, https:\/\/www.sessizinsaat.org\/wp-content\/uploads\/2021\/03\/pexels-pok-rie-4973878-1568x1045.jpg 1568w\" sizes=\"(max-width: 1920px) 100vw, 1920px\" \/><div class=\"wp-block-cover__inner-container\">\n<p class=\"has-drop-cap has-text-align-left has-white-color has-text-color\" style=\"font-size:18px;line-height:2.7\">Sessizlik l\u00fctfen.<br>Onun de\u011ferini hat\u0131rlatmak i\u00e7in bir araya geldik.<br>Yazmak, payla\u015fmak, sessizli\u011fi \u00f6n plana \u00e7\u0131karmak i\u00e7in<br>\u00c7\u00fcnk\u00fc onun olmad\u0131\u011f\u0131 yerde, duyulmas\u0131 gereken ses duyulmaz.<br>O y\u00fczden \u0131\u015f\u0131\u011f\u0131 ona tutuyoruz.<br>O olmaz ise sa\u011fl\u0131k, huzur<br>Anlay\u0131\u015f solar<br>Gelin hep birlikte sessizli\u011fin de\u011ferini yeniden ke\u015ffedelim<\/p>\n<\/div><\/div>\n\n\n\n<div style=\"height:100px\" aria-hidden=\"true\" class=\"wp-block-spacer\"><\/div>\n\n\n\n<div class=\"is-layout-flex wp-container-3 wp-block-columns alignwide are-vertically-aligned-center is-style-twentytwentyone-columns-overlap\">\n<div class=\"is-layout-flow wp-block-column is-vertically-aligned-center\">\n<figure class=\"wp-block-image alignfull size-large is-style-default\"><img decoding=\"async\" loading=\"lazy\" width=\"726\" height=\"1024\" src=\"https:\/\/www.sessizinsaat.org\/wp-content\/uploads\/2021\/03\/Ay2-Resim3-2_cami-726x1024.jpg\" alt=\"\" class=\"wp-image-37\" srcset=\"https:\/\/www.sessizinsaat.org\/wp-content\/uploads\/2021\/03\/Ay2-Resim3-2_cami-726x1024.jpg 726w, https:\/\/www.sessizinsaat.org\/wp-content\/uploads\/2021\/03\/Ay2-Resim3-2_cami-213x300.jpg 213w, https:\/\/www.sessizinsaat.org\/wp-content\/uploads\/2021\/03\/Ay2-Resim3-2_cami-768x1083.jpg 768w, https:\/\/www.sessizinsaat.org\/wp-content\/uploads\/2021\/03\/Ay2-Resim3-2_cami.jpg 915w\" sizes=\"(max-width: 726px) 100vw, 726px\" \/><\/figure>\n\n\n\n<div style=\"height:100px\" aria-hidden=\"true\" class=\"wp-block-spacer\"><\/div>\n\n\n\n<figure class=\"wp-block-image alignfull size-large is-style-twentytwentyone-image-frame\"><img decoding=\"async\" src=\"https:\/\/www.sessizinsaat.org\/wp-content\/themes\/twentytwentyone\/assets\/images\/in-the-bois-de-boulogne.jpg\" alt=\"\u201cBois de Baoulogne'de\u201d, Berthe Morisot\"\/><\/figure>\n<\/div>\n\n\n\n<div class=\"is-layout-flow wp-block-column is-vertically-aligned-center\">\n<div style=\"height:100px\" aria-hidden=\"true\" class=\"wp-block-spacer\"><\/div>\n\n\n\n<figure class=\"wp-block-image size-large alignfull size-full is-style-twentytwentyone-border\"><img decoding=\"async\" loading=\"lazy\" width=\"1024\" height=\"724\" src=\"https:\/\/www.sessizinsaat.org\/wp-content\/uploads\/2021\/03\/Ay2-Resim3-1_kopru-1024x724.jpg\" alt=\"\" class=\"wp-image-31\" srcset=\"https:\/\/www.sessizinsaat.org\/wp-content\/uploads\/2021\/03\/Ay2-Resim3-1_kopru-1024x724.jpg 1024w, https:\/\/www.sessizinsaat.org\/wp-content\/uploads\/2021\/03\/Ay2-Resim3-1_kopru-300x212.jpg 300w, https:\/\/www.sessizinsaat.org\/wp-content\/uploads\/2021\/03\/Ay2-Resim3-1_kopru-768x543.jpg 768w, https:\/\/www.sessizinsaat.org\/wp-content\/uploads\/2021\/03\/Ay2-Resim3-1_kopru-1536x1086.jpg 1536w, https:\/\/www.sessizinsaat.org\/wp-content\/uploads\/2021\/03\/Ay2-Resim3-1_kopru-1568x1109.jpg 1568w, https:\/\/www.sessizinsaat.org\/wp-content\/uploads\/2021\/03\/Ay2-Resim3-1_kopru.jpg 1599w\" sizes=\"(max-width: 1024px) 100vw, 1024px\" \/><\/figure>\n<\/div>\n<\/div>\n\n\n\n<div style=\"height:50px\" aria-hidden=\"true\" class=\"wp-block-spacer\"><\/div>\n\n\n\n<div class=\"is-layout-flex wp-container-7 wp-block-columns alignwide are-vertically-aligned-top\">\n<div class=\"is-layout-flow wp-block-column is-vertically-aligned-top\">\n<h3>Blok desenleri ekleyin<\/h3>\n\n\n\n<p>Blok desenleri \u00f6nceden tasarlanm\u0131\u015f blok gruplar\u0131d\u0131r. Bir tane eklemek i\u00e7in d\u00fczenleyicinin en \u00fcst\u00fcnde yer alan [+] Blok ekleme tu\u015funa bas\u0131n. Arama \u00e7ubu\u011funun hemen alt\u0131ndaki Desenler sekmesine ge\u00e7in ve bir desen se\u00e7in.<\/p>\n<\/div>\n\n\n\n<div class=\"is-layout-flow wp-block-column is-vertically-aligned-top\">\n<h3>G\u00f6rsellerinizi \u00e7er\u00e7eveleyin<\/h3>\n\n\n\n<p>Yirmi Yirmibir i\u00e7eri\u011finiz i\u00e7in \u015f\u0131k kenarl\u0131klar i\u00e7erir. Bir g\u00f6rsel blo\u011fu se\u00e7iliyken d\u00fczenleyici kenar \u00e7ubu\u011fundaji &#8220;Stiller&#8221; panelini a\u00e7\u0131n. Etkinle\u015ftirmek i\u00e7in &#8220;\u00c7er\u00e7eve&#8221; blok stilini se\u00e7in.<\/p>\n<\/div>\n\n\n\n<div class=\"is-layout-flow wp-block-column is-vertically-aligned-top\">\n<h3>S\u00fctunlar\u0131 \u00fcst \u00fcste bindir<\/h3>\n\n\n\n<p>Yirmi Yirmibir ayr\u0131ca s\u00fctun bloklar i\u00e7in \u00fcst \u00fcste ge\u00e7en bir stil bar\u0131nd\u0131r\u0131yor. S\u00fctun bloklar\u0131 se\u00e7iliyken, d\u00fczenleyici kenar \u00e7ubu\u011fundaki &#8220;Stiller&#8221; panelini a\u00e7\u0131n. &#8220;\u00dcst \u00fcste bindir&#8221; blok stilini se\u00e7erek deneyin.<\/p>\n<\/div>\n<\/div>\n\n\n\n<div style=\"height:100px\" aria-hidden=\"true\" class=\"wp-block-spacer\"><\/div>\n\n\n\n<div class=\"wp-block-cover alignwide has-green-background-color has-background-dim is-style-twentytwentyone-border\"><div class=\"wp-block-cover__inner-container\">\n<div style=\"height:20px\" aria-hidden=\"true\" class=\"wp-block-spacer\"><\/div>\n\n\n\n<p class=\"has-huge-font-size\">Yard\u0131ma m\u0131 ihtiyac\u0131n\u0131z var?<\/p>\n\n\n\n<div style=\"height:75px\" aria-hidden=\"true\" class=\"wp-block-spacer\"><\/div>\n\n\n\n<div class=\"is-layout-flex wp-container-10 wp-block-columns\">\n<div class=\"is-layout-flow wp-block-column\">\n<p><a href=\"https:\/\/wordpress.org\/support\/article\/twenty-twenty-one\/\">Tema belgelerini okuyun<\/a><\/p>\n<\/div>\n\n\n\n<div class=\"is-layout-flow wp-block-column\">\n<p><a href=\"https:\/\/wordpress.org\/support\/theme\/twentytwentyone\/\">Destek forumlar\u0131na g\u00f6z at\u0131n<\/a><\/p>\n<\/div>\n<\/div>\n\n\n\n<div style=\"height:20px\" aria-hidden=\"true\" class=\"wp-block-spacer\"><\/div>\n<\/div><\/div>\n\n\n\n<p><\/p>\n","protected":false},"excerpt":{"rendered":"<p>Blok desenleri ekleyin Blok desenleri \u00f6nceden tasarlanm\u0131\u015f blok gruplar\u0131d\u0131r. Bir tane eklemek i\u00e7in d\u00fczenleyicinin en \u00fcst\u00fcnde yer alan [+] Blok ekleme tu\u015funa bas\u0131n. Arama \u00e7ubu\u011funun hemen alt\u0131ndaki Desenler sekmesine ge\u00e7in [&hellip;]<\/p>\n","protected":false},"author":1,"featured_media":0,"parent":0,"menu_order":0,"comment_status":"closed","ping_status":"closed","template":"","meta":[],"_links":{"self":[{"href":"https:\/\/www.sessizinsaat.org\/index.php\/wp-json\/wp\/v2\/pages\/8"}],"collection":[{"href":"https:\/\/www.sessizinsaat.org\/index.php\/wp-json\/wp\/v2\/pages"}],"about":[{"href":"https:\/\/www.sessizinsaat.org\/index.php\/wp-json\/wp\/v2\/types\/page"}],"author":[{"embeddable":true,"href":"https:\/\/www.sessizinsaat.org\/index.php\/wp-json\/wp\/v2\/users\/1"}],"replies":[{"embeddable":true,"href":"https:\/\/www.sessizinsaat.org\/index.php\/wp-json\/wp\/v2\/comments?post=8"}],"version-history":[{"count":48,"href":"https:\/\/www.sessizinsaat.org\/index.php\/wp-json\/wp\/v2\/pages\/8\/revisions"}],"predecessor-version":[{"id":111,"href":"https:\/\/www.sessizinsaat.org\/index.php\/wp-json\/wp\/v2\/pages\/8\/revisions\/111"}],"wp:attachment":[{"href":"https:\/\/www.sessizinsaat.org\/index.php\/wp-json\/wp\/v2\/media?parent=8"}],"curies":[{"name":"wp","href":"https:\/\/api.w.org\/{rel}","templated":true}]}}