{"id":9,"date":"2021-03-17T20:38:34","date_gmt":"2021-03-17T20:38:34","guid":{"rendered":"http:\/\/www.sessizinsaat.org\/?page_id=9"},"modified":"2024-04-06T13:38:11","modified_gmt":"2024-04-06T13:38:11","slug":"hakkimizda","status":"publish","type":"page","link":"https:\/\/www.sessizinsaat.org\/index.php\/en\/hakkimizda\/","title":{"rendered":"ZHakk\u0131m\u0131zda en"},"content":{"rendered":"\n<p>Kendini ve i\u015flerini tan\u0131tmak isteyen bir sanat\u00e7\u0131 olabilece\u011finiz gibi misyonunu a\u00e7\u0131klamak isteyen bir firma da olabilirsiniz.<\/p>\n","protected":false},"excerpt":{"rendered":"<p>Kendini ve i\u015flerini tan\u0131tmak isteyen bir sanat\u00e7\u0131 olabilece\u011finiz gibi misyonunu a\u00e7\u0131klamak isteyen bir firma da olabilirsiniz.<\/p>\n","protected":false},"author":1,"featured_media":0,"parent":0,"menu_order":0,"comment_status":"closed","ping_status":"closed","template":"","meta":[],"_links":{"self":[{"href":"https:\/\/www.sessizinsaat.org\/index.php\/wp-json\/wp\/v2\/pages\/9"}],"collection":[{"href":"https:\/\/www.sessizinsaat.org\/index.php\/wp-json\/wp\/v2\/pages"}],"about":[{"href":"https:\/\/www.sessizinsaat.org\/index.php\/wp-json\/wp\/v2\/types\/page"}],"author":[{"embeddable":true,"href":"https:\/\/www.sessizinsaat.org\/index.php\/wp-json\/wp\/v2\/users\/1"}],"replies":[{"embeddable":true,"href":"https:\/\/www.sessizinsaat.org\/index.php\/wp-json\/wp\/v2\/comments?post=9"}],"version-history":[{"count":3,"href":"https:\/\/www.sessizinsaat.org\/index.php\/wp-json\/wp\/v2\/pages\/9\/revisions"}],"predecessor-version":[{"id":1583,"href":"https:\/\/www.sessizinsaat.org\/index.php\/wp-json\/wp\/v2\/pages\/9\/revisions\/1583"}],"wp:attachment":[{"href":"https:\/\/www.sessizinsaat.org\/index.php\/wp-json\/wp\/v2\/media?parent=9"}],"curies":[{"name":"wp","href":"https:\/\/api.w.org\/{rel}","templated":true}]}}